{"id":12,"date":"2022-05-05T17:34:59","date_gmt":"2022-05-05T17:34:59","guid":{"rendered":"https:\/\/geologos.us.edu.pl\/?page_id=12"},"modified":"2022-05-05T17:40:05","modified_gmt":"2022-05-05T17:40:05","slug":"komitet-honorowy","status":"publish","type":"page","link":"https:\/\/geologos.us.edu.pl\/index.php\/o-konferencji\/komitet-honorowy\/","title":{"rendered":"Komitet Honorowy"},"content":{"rendered":"<p><span style=\"font-weight: 400;\">Patronat Honorowy nad Mi\u0119dzynarodow\u0105 Konferencj\u0105 GEOlogos obj\u0105\u0142 JM Rektor U\u015a prof. dr hab. Ryszard Kozio\u0142ek<\/span><\/p>\n<p><\/p>\n<p><span style=\"font-weight: 400;\">Komitet Honorowy Mi\u0119dzynarodowej Konferencji GEOlogos<\/span><\/p>\n<p><span style=\"font-weight: 400;\">prof. dr hab. Bernadeta Niesporek-Szamburska<\/span><\/p>\n<p><span style=\"font-weight: 400;\">Halina Bieda, Senator RP&nbsp; (Komisja Nadzwyczajna do spraw Klimatu Senatu RP)<\/span><\/p>\n<p><span style=\"font-weight: 400;\">prof. dr hab. Wies\u0142aw Bany\u015b (Zesp\u00f3\u0142 Bolo\u0144ski, KRASP)<\/span><\/p>\n<p><span style=\"font-weight: 400;\">prof. dr hab. Jolanta Tambor&nbsp;<\/span><\/p>\n<p><span style=\"font-weight: 400;\">dr hab. Romuald Cudak, prof. U\u015a<\/span><\/p>\n<p><span style=\"font-weight: 400;\">prof. dr hab. Piotr Skuba\u0142a<\/span><\/p>\n<p><span style=\"font-weight: 400;\">prof. dr hab. Marek Oziewicz (USA)<\/span><\/p>\n<p><span style=\"font-weight: 400;\">dr hab. Marta Tomczok, prof. U\u015a&nbsp;<\/span><\/p>\n<p><span style=\"font-weight: 400;\">dr hab. Ma\u0142gorzata W\u00f3jcik-Dudek, prof. U\u015a <\/span><\/p>\n<p>hab. Dorota Michu\u0142ka, prof. UWr<\/p>\n<p><span style=\"font-weight: 400;\">dr hab. Ma\u0142gorzata Latoch-Zieli\u0144ska, prof. UMCS<\/span><\/p>\n<p><span style=\"font-weight: 400;\">dr hab. Krzysztof Koc, prof. UAM<\/span><\/p>\n<p><span style=\"font-weight: 400;\">prof. dr hab. Anna Janus-Sitarz<\/span><\/p>\n<p><span style=\"font-weight: 400;\">dr hab. Krzysztof Biedrzycki, prof. UJ<\/span><\/p>\n<p><span style=\"font-weight: 400;\">dr hab. Witold Bobi\u0144ski, prof. UJ<\/span><\/p>\n<p><span style=\"font-weight: 400;\">prof. dr hab. Gra\u017cyna Tomaszewska<\/span><\/p>\n<p><span style=\"font-weight: 400;\">dr hab. Maciej Michalski, prof. UG<\/span><\/p>\n<p><span style=\"font-weight: 400;\">prof. dr hab. Jolanta Noco\u0144<\/span><\/p>\n<p><span style=\"font-weight: 400;\">dr Ji\u0159i Muryc (Republika Czeska)<\/span><\/p>\n<p><span style=\"font-weight: 400;\">dr hab. Maria Wtorkowska (S\u0142owenia)<\/span><\/p>\n<p><span style=\"font-weight: 400;\">dr Anna Kisiel&nbsp; (Belgia)<\/span><\/p>\n\n\n<figure class=\"wp-block-table\"><table><tbody><tr><td>\u015ap. dr hab. Marta Szyma\u0144ska, prof. UP<\/td><\/tr><\/tbody><\/table><\/figure>\n","protected":false},"excerpt":{"rendered":"<p>Patronat Honorowy nad Mi\u0119dzynarodow\u0105 Konferencj\u0105 GEOlogos obj\u0105\u0142 JM Rektor U\u015a prof. dr hab. Ryszard Kozio\u0142ek Komitet Honorowy Mi\u0119dzynarodowej Konferencji GEOlogos prof. dr hab. Bernadeta Niesporek-Szamburska Halina Bieda, Senator RP&nbsp; (Komisja Nadzwyczajna do spraw Klimatu Senatu RP) prof. dr hab. Wies\u0142aw Bany\u015b (Zesp\u00f3\u0142 Bolo\u0144ski, KRASP) prof. dr hab. Jolanta Tambor&nbsp; dr hab. Romuald Cudak, prof. U\u015a &#8230; <a title=\"Komitet Honorowy\" class=\"read-more\" href=\"https:\/\/geologos.us.edu.pl\/index.php\/o-konferencji\/komitet-honorowy\/\" aria-label=\"Wi\u0119cej na Komitet Honorowy\">Dowiedz si\u0119 wi\u0119cej<\/a> <\/p>\n<p class=\"read-more-button-container\"><a class=\"button\" href=\"https:\/\/geologos.us.edu.pl\/index.php\/o-konferencji\/komitet-honorowy\/\">Dowiedz si\u0119 wi\u0119cej<\/a><\/p>\n","protected":false},"author":2,"featured_media":0,"parent":8,"menu_order":0,"comment_status":"closed","ping_status":"closed","template":"","meta":{"footnotes":""},"class_list":["post-12","page","type-page","status-publish"],"_links":{"self":[{"href":"https:\/\/geologos.us.edu.pl\/index.php\/wp-json\/wp\/v2\/pages\/12","targetHints":{"allow":["GET"]}}],"collection":[{"href":"https:\/\/geologos.us.edu.pl\/index.php\/wp-json\/wp\/v2\/pages"}],"about":[{"href":"https:\/\/geologos.us.edu.pl\/index.php\/wp-json\/wp\/v2\/types\/page"}],"author":[{"embeddable":true,"href":"https:\/\/geologos.us.edu.pl\/index.php\/wp-json\/wp\/v2\/users\/2"}],"replies":[{"embeddable":true,"href":"https:\/\/geologos.us.edu.pl\/index.php\/wp-json\/wp\/v2\/comments?post=12"}],"version-history":[{"count":3,"href":"https:\/\/geologos.us.edu.pl\/index.php\/wp-json\/wp\/v2\/pages\/12\/revisions"}],"predecessor-version":[{"id":19,"href":"https:\/\/geologos.us.edu.pl\/index.php\/wp-json\/wp\/v2\/pages\/12\/revisions\/19"}],"up":[{"embeddable":true,"href":"https:\/\/geologos.us.edu.pl\/index.php\/wp-json\/wp\/v2\/pages\/8"}],"wp:attachment":[{"href":"https:\/\/geologos.us.edu.pl\/index.php\/wp-json\/wp\/v2\/media?parent=12"}],"curies":[{"name":"wp","href":"https:\/\/api.w.org\/{rel}","templated":true}]}}