{"id":17,"date":"2022-05-05T17:39:52","date_gmt":"2022-05-05T17:39:52","guid":{"rendered":"https:\/\/geologos.us.edu.pl\/?page_id=17"},"modified":"2022-05-05T17:39:52","modified_gmt":"2022-05-05T17:39:52","slug":"komitet-organizacyjny","status":"publish","type":"page","link":"https:\/\/geologos.us.edu.pl\/index.php\/o-konferencji\/komitet-organizacyjny\/","title":{"rendered":"Komitet Organizacyjny"},"content":{"rendered":"\n<p>Komitet Organizacyjny Mi\u0119dzynarodowej Konferencji GEOlogos<\/p>\n\n\n\n<p>dr Magdalena Ochwat<\/p>\n\n\n\n<p>dr Maria Wac\u0142awek<\/p>\n\n\n\n<p>dr Anna Guzy<\/p>\n\n\n\n<p>mgr Ewelina Zygan<\/p>\n\n\n\n<p>lic. Amanda Caban&nbsp;<\/p>\n\n\n\n<p>lic. Aleksandra Lange<\/p>\n\n\n\n<p>lic. Ma\u0142gorzata Figura<\/p>\n","protected":false},"excerpt":{"rendered":"<p>Komitet Organizacyjny Mi\u0119dzynarodowej Konferencji GEOlogos dr Magdalena Ochwat dr Maria Wac\u0142awek dr Anna Guzy mgr Ewelina Zygan lic. Amanda Caban&nbsp; lic. Aleksandra Lange lic. Ma\u0142gorzata Figura <\/p>\n<p class=\"read-more-button-container\"><a class=\"button\" href=\"https:\/\/geologos.us.edu.pl\/index.php\/o-konferencji\/komitet-organizacyjny\/\">Dowiedz si\u0119 wi\u0119cej<\/a><\/p>\n","protected":false},"author":2,"featured_media":0,"parent":8,"menu_order":0,"comment_status":"closed","ping_status":"closed","template":"","meta":{"footnotes":""},"class_list":["post-17","page","type-page","status-publish"],"_links":{"self":[{"href":"https:\/\/geologos.us.edu.pl\/index.php\/wp-json\/wp\/v2\/pages\/17","targetHints":{"allow":["GET"]}}],"collection":[{"href":"https:\/\/geologos.us.edu.pl\/index.php\/wp-json\/wp\/v2\/pages"}],"about":[{"href":"https:\/\/geologos.us.edu.pl\/index.php\/wp-json\/wp\/v2\/types\/page"}],"author":[{"embeddable":true,"href":"https:\/\/geologos.us.edu.pl\/index.php\/wp-json\/wp\/v2\/users\/2"}],"replies":[{"embeddable":true,"href":"https:\/\/geologos.us.edu.pl\/index.php\/wp-json\/wp\/v2\/comments?post=17"}],"version-history":[{"count":1,"href":"https:\/\/geologos.us.edu.pl\/index.php\/wp-json\/wp\/v2\/pages\/17\/revisions"}],"predecessor-version":[{"id":18,"href":"https:\/\/geologos.us.edu.pl\/index.php\/wp-json\/wp\/v2\/pages\/17\/revisions\/18"}],"up":[{"embeddable":true,"href":"https:\/\/geologos.us.edu.pl\/index.php\/wp-json\/wp\/v2\/pages\/8"}],"wp:attachment":[{"href":"https:\/\/geologos.us.edu.pl\/index.php\/wp-json\/wp\/v2\/media?parent=17"}],"curies":[{"name":"wp","href":"https:\/\/api.w.org\/{rel}","templated":true}]}}