{"id":32,"date":"2022-05-05T17:49:15","date_gmt":"2022-05-05T17:49:15","guid":{"rendered":"https:\/\/geologos.us.edu.pl\/?page_id=32"},"modified":"2022-05-13T13:28:56","modified_gmt":"2022-05-13T13:28:56","slug":"kontakt","status":"publish","type":"page","link":"https:\/\/geologos.us.edu.pl\/index.php\/kontakt\/","title":{"rendered":"Kontakt"},"content":{"rendered":"\n<p>Kierownik projektu \u201eDoskona\u0142a nauka \u2013 wsparcie konferencji naukowych\u201d Ministerstwo Edukacji i Nauki<br>dr Magdalena Ochwat<br>e-mail: <a rel=\"noreferrer noopener\" href=\"mailto:magdalena.ochwat@us.edu.pl\" target=\"_blank\">magdalena.ochwat@us.edu.pl<\/a><br>tel. 504 048 453<br>Wydzia\u0142 Humanistyczny Instytut Literaturoznawstwa U\u015a<br>Interdyscyplinarne Centrum Bada\u0144 nad Edukacj\u0105 Humanistyczn\u0105 U\u015a<\/p>\n\n\n\n<p>DOFINANSOWANO ZE \u015aRODK\u00d3W BUD\u017bETU PA\u0143STWA \u201eDOSKONA\u0141A NAUKA\u201d MEiN<\/p>\n\n\n\n<p>DOFINANSOWANIE<br>44 000<br>CA\u0141KOWITA WARTO\u015a\u0106<br>49 000<br>Projekt trwa 2021\u20132023<\/p>\n\n\n\n<div class=\"wp-block-columns is-layout-flex wp-container-core-columns-layout-1 wp-block-columns-is-layout-flex\">\n<div class=\"wp-block-column is-vertically-aligned-center is-layout-flow wp-block-column-is-layout-flow\"><div class=\"wp-block-image\">\n<figure class=\"aligncenter size-large is-resized\"><img loading=\"lazy\" decoding=\"async\" src=\"https:\/\/geologos.us.edu.pl\/wp-content\/uploads\/2022\/05\/National_Flag_of_Poland-1024x640.png\" alt=\"\" class=\"wp-image-72\" width=\"161\" height=\"100\" srcset=\"https:\/\/geologos.us.edu.pl\/wp-content\/uploads\/2022\/05\/National_Flag_of_Poland-1024x640.png 1024w, https:\/\/geologos.us.edu.pl\/wp-content\/uploads\/2022\/05\/National_Flag_of_Poland-300x187.png 300w, https:\/\/geologos.us.edu.pl\/wp-content\/uploads\/2022\/05\/National_Flag_of_Poland-768x480.png 768w, https:\/\/geologos.us.edu.pl\/wp-content\/uploads\/2022\/05\/National_Flag_of_Poland-1536x960.png 1536w, https:\/\/geologos.us.edu.pl\/wp-content\/uploads\/2022\/05\/National_Flag_of_Poland-2048x1280.png 2048w, https:\/\/geologos.us.edu.pl\/wp-content\/uploads\/2022\/05\/National_Flag_of_Poland-1200x750.png 1200w, https:\/\/geologos.us.edu.pl\/wp-content\/uploads\/2022\/05\/National_Flag_of_Poland-1980x1237.png 1980w\" sizes=\"auto, (max-width: 161px) 100vw, 161px\" \/><\/figure><\/div><\/div>\n\n\n\n<div class=\"wp-block-column is-vertically-aligned-center is-layout-flow wp-block-column-is-layout-flow\"><div class=\"wp-block-image\">\n<figure class=\"aligncenter size-large\"><img loading=\"lazy\" decoding=\"async\" width=\"1024\" height=\"259\" src=\"https:\/\/geologos.us.edu.pl\/wp-content\/uploads\/2022\/05\/ICBEH-3-2-1024x259.jpg\" alt=\"\" class=\"wp-image-214\" srcset=\"https:\/\/geologos.us.edu.pl\/wp-content\/uploads\/2022\/05\/ICBEH-3-2-1024x259.jpg 1024w, https:\/\/geologos.us.edu.pl\/wp-content\/uploads\/2022\/05\/ICBEH-3-2-300x76.jpg 300w, https:\/\/geologos.us.edu.pl\/wp-content\/uploads\/2022\/05\/ICBEH-3-2-768x194.jpg 768w, https:\/\/geologos.us.edu.pl\/wp-content\/uploads\/2022\/05\/ICBEH-3-2-1536x388.jpg 1536w, https:\/\/geologos.us.edu.pl\/wp-content\/uploads\/2022\/05\/ICBEH-3-2.jpg 1619w\" sizes=\"auto, (max-width: 1024px) 100vw, 1024px\" \/><\/figure><\/div><\/div>\n\n\n\n<div class=\"wp-block-column is-vertically-aligned-center is-layout-flow wp-block-column-is-layout-flow\"><div class=\"wp-block-image\">\n<figure class=\"aligncenter size-large is-resized\"><img loading=\"lazy\" decoding=\"async\" src=\"https:\/\/geologos.us.edu.pl\/wp-content\/uploads\/2022\/05\/uniwersytet-slaski_logo_poziome_rgb-1024x172.jpg\" alt=\"\" class=\"wp-image-215\" width=\"338\" height=\"56\" srcset=\"https:\/\/geologos.us.edu.pl\/wp-content\/uploads\/2022\/05\/uniwersytet-slaski_logo_poziome_rgb-1024x172.jpg 1024w, https:\/\/geologos.us.edu.pl\/wp-content\/uploads\/2022\/05\/uniwersytet-slaski_logo_poziome_rgb-300x51.jpg 300w, https:\/\/geologos.us.edu.pl\/wp-content\/uploads\/2022\/05\/uniwersytet-slaski_logo_poziome_rgb-768x129.jpg 768w, https:\/\/geologos.us.edu.pl\/wp-content\/uploads\/2022\/05\/uniwersytet-slaski_logo_poziome_rgb-1536x259.jpg 1536w, https:\/\/geologos.us.edu.pl\/wp-content\/uploads\/2022\/05\/uniwersytet-slaski_logo_poziome_rgb-2048x345.jpg 2048w\" sizes=\"auto, (max-width: 338px) 100vw, 338px\" \/><\/figure><\/div>\n\n\n<p><\/p>\n<\/div>\n<\/div>\n\n\n\n<p><\/p>\n","protected":false},"excerpt":{"rendered":"<p>Kierownik projektu \u201eDoskona\u0142a nauka \u2013 wsparcie konferencji naukowych\u201d Ministerstwo Edukacji i Naukidr Magdalena Ochwate-mail: magdalena.ochwat@us.edu.pltel. 504 048 453Wydzia\u0142 Humanistyczny Instytut Literaturoznawstwa U\u015aInterdyscyplinarne Centrum Bada\u0144 nad Edukacj\u0105 Humanistyczn\u0105 U\u015a DOFINANSOWANO ZE \u015aRODK\u00d3W BUD\u017bETU PA\u0143STWA \u201eDOSKONA\u0141A NAUKA\u201d MEiN DOFINANSOWANIE44 000CA\u0141KOWITA WARTO\u015a\u010649 000Projekt trwa 2021\u20132023 <\/p>\n<p class=\"read-more-button-container\"><a class=\"button\" href=\"https:\/\/geologos.us.edu.pl\/index.php\/kontakt\/\">Dowiedz si\u0119 wi\u0119cej<\/a><\/p>\n","protected":false},"author":2,"featured_media":0,"parent":0,"menu_order":0,"comment_status":"closed","ping_status":"closed","template":"","meta":{"footnotes":""},"class_list":["post-32","page","type-page","status-publish"],"_links":{"self":[{"href":"https:\/\/geologos.us.edu.pl\/index.php\/wp-json\/wp\/v2\/pages\/32","targetHints":{"allow":["GET"]}}],"collection":[{"href":"https:\/\/geologos.us.edu.pl\/index.php\/wp-json\/wp\/v2\/pages"}],"about":[{"href":"https:\/\/geologos.us.edu.pl\/index.php\/wp-json\/wp\/v2\/types\/page"}],"author":[{"embeddable":true,"href":"https:\/\/geologos.us.edu.pl\/index.php\/wp-json\/wp\/v2\/users\/2"}],"replies":[{"embeddable":true,"href":"https:\/\/geologos.us.edu.pl\/index.php\/wp-json\/wp\/v2\/comments?post=32"}],"version-history":[{"count":5,"href":"https:\/\/geologos.us.edu.pl\/index.php\/wp-json\/wp\/v2\/pages\/32\/revisions"}],"predecessor-version":[{"id":220,"href":"https:\/\/geologos.us.edu.pl\/index.php\/wp-json\/wp\/v2\/pages\/32\/revisions\/220"}],"wp:attachment":[{"href":"https:\/\/geologos.us.edu.pl\/index.php\/wp-json\/wp\/v2\/media?parent=32"}],"curies":[{"name":"wp","href":"https:\/\/api.w.org\/{rel}","templated":true}]}}