{"id":36,"date":"2022-05-05T17:50:10","date_gmt":"2022-05-05T17:50:10","guid":{"rendered":"https:\/\/geologos.us.edu.pl\/?page_id=36"},"modified":"2022-08-25T11:34:35","modified_gmt":"2022-08-25T11:34:35","slug":"pozostale-informacje","status":"publish","type":"page","link":"https:\/\/geologos.us.edu.pl\/index.php\/pozostale-informacje\/","title":{"rendered":"Pozosta\u0142e informacje"},"content":{"rendered":"\n<p>Szanowni Pa\u0144stwo, Uczestnicy konferencji GEOlogos,<\/p>\n\n\n\n<p>serdecznie zapraszamy do publikacji pokonferencyjnej w czasopi\u015bmie \u201ePostscriptum Polonistyczne\u201d (MEiN 70 pkt). Termin nadsy\u0142ania tekst\u00f3w up\u0142ywa 14 grudnia 2022 roku. Numer uka\u017ce si\u0119 w pierwszej po\u0142owie 2023 roku. Do 15 wrze\u015bnia 2022 roku prosimy o informacj\u0119 zwrotn\u0105, czy decyduj\u0105 si\u0119 Pa\u0144stwo na napisanie artyku\u0142u w ramach redagowanego przez nas GEO numeru czasopisma. &nbsp;Publikujemy teksty, kt\u00f3re zostan\u0105 pozytywnie zrecenzowane przez dwoje recenzent\u00f3w zgodnie z procedur\u0105 obowi\u0105zuj\u0105c\u0105 w pi\u015bmie.&nbsp;<\/p>\n\n\n\n<p>Gotowe artyku\u0142y wraz z formularzem autorskim prosimy sk\u0142ada\u0107 przez platform\u0119 OJS.<\/p>\n\n\n\n<p>Wymogi edytorskie znajduj\u0105 si\u0119 na stronie: <a href=\"https:\/\/journals.us.edu.pl\/index.php\/PPol\/about\/submissions\" target=\"_blank\" rel=\"noreferrer noopener\">https:\/\/journals.us.edu.pl\/index.php\/PPol\/about\/submissions<\/a><\/p>\n\n\n\n<hr class=\"wp-block-separator has-alpha-channel-opacity\"\/>\n\n\n\n<p>Link do konferencji: <br><a href=\"https:\/\/teams.microsoft.com\/l\/meetup-join\/19%3ameeting_MDRiNDQ4N2ItOGMxNi00NzUyLWI2NWItYTBjNWYxNjVjZWZm%40thread.v2\/0?context=%7b%22Tid%22%3a%2250c76291-0c80-4444-a2fb-4f8ab168c311%22%2c%22Oid%22%3a%223f37e1e4-475c-4ef8-afd0-2b27cb8213c2%22%7d\">https:\/\/teams.microsoft.com\/l\/meetup-join\/19%3ameeting_MDRiNDQ4N2ItOGMxNi00NzUyLWI2NWItYTBjNWYxNjVjZWZm%40thread.v2\/0?context=%7b%22Tid%22%3a%2250c76291-0c80-4444-a2fb-4f8ab168c311%22%2c%22Oid%22%3a%223f37e1e4-475c-4ef8-afd0-2b27cb8213c2%22%7d<\/a> <\/p>\n\n\n\n<p>Link do sesji r\u00f3wnoleg\u0142ej 03.06. 2022 r. ekodydaktyka\/ekoglottodydaktyka <br><a href=\"https:\/\/teams.microsoft.com\/l\/meetup-join\/19%3ameeting_MWE2NWYyODYtMmFhYi00ZWUwLTg2NTktOGMxY2E2OGYyMGFh%40thread.v2\/0?context=%7b%22Tid%22%3a%2250c76291-0c80-4444-a2fb-4f8ab168c311%22%2c%22Oid%22%3a%22fa7516fe-9e8c-4703-9a2e-748e6b58058e%22%7d\">https:\/\/teams.microsoft.com\/l\/meetup-join\/19%3ameeting_MWE2NWYyODYtMmFhYi00ZWUwLTg2NTktOGMxY2E2OGYyMGFh%40thread.v2\/0?context=%7b%22Tid%22%3a%2250c76291-0c80-4444-a2fb-4f8ab168c311%22%2c%22Oid%22%3a%22fa7516fe-9e8c-4703-9a2e-748e6b58058e%22%7d<\/a> <br><br>Informujemy, \u017ce zarejestrowanie si\u0119 na Mi\u0119dzynarodow\u0105 Konferencj\u0119 GEOlogos jest r\u00f3wnoznaczne z wyra\u017ceniem zgody na przetwarzanie danych osobowych zgodnie z rozporz\u0105dzeniem Parlamentu Europejskiego i Rady (UE) 2016\/679 z 27 kwietnia 2016 r. w sprawie ochrony os\u00f3b fizycznych w zwi\u0105zku z przetwarzaniem danych osobowych i w sprawie swobodnego przep\u0142ywu takich danych oraz uchylenia dyrektywy 95\/46\/WE (og\u00f3lne rozporz\u0105dzenie o ochronie danych) \u2013 RODO. <br><br>Informacja RODO w ramach projektu \u201eDoskona\u0142a nauka \u2013 wsparcie konferencji naukowych\u201d Mi\u0119dzynarodowa Konferencja GEOlogos znajduje si\u0119 na stronie <a href=\"http:\/\/www.geologos.us.edu.pl\">www.geologos.us.edu.pl<\/a> <br><br>Uprzejmie informujemy, \u017ce konferencja GEOlogos jest nagrywana. Nagrane materia\u0142y audiowizualne zostan\u0105 umieszczone w materia\u0142ach archiwalnych na stronach Konferencji.<\/p>\n\n\n\n<p>Do pobrania:<\/p>\n\n\n\n<p><a href=\"https:\/\/geologos.us.edu.pl\/?page_id=272\" data-type=\"page\" data-id=\"272\" target=\"_blank\" rel=\"noreferrer noopener\">GEOlogos &#8211; program.pdf<\/a><\/p>\n\n\n\n<div class=\"wp-block-columns is-layout-flex wp-container-core-columns-layout-1 wp-block-columns-is-layout-flex\">\n<div class=\"wp-block-column is-layout-flow wp-block-column-is-layout-flow\">\n<figure class=\"wp-block-image size-large\"><img loading=\"lazy\" decoding=\"async\" width=\"1024\" height=\"576\" src=\"https:\/\/geologos.us.edu.pl\/wp-content\/uploads\/2022\/05\/2-3-1024x576.png\" alt=\"\" class=\"wp-image-261\" srcset=\"https:\/\/geologos.us.edu.pl\/wp-content\/uploads\/2022\/05\/2-3-1024x576.png 1024w, https:\/\/geologos.us.edu.pl\/wp-content\/uploads\/2022\/05\/2-3-300x169.png 300w, https:\/\/geologos.us.edu.pl\/wp-content\/uploads\/2022\/05\/2-3-768x432.png 768w, https:\/\/geologos.us.edu.pl\/wp-content\/uploads\/2022\/05\/2-3-1536x864.png 1536w, https:\/\/geologos.us.edu.pl\/wp-content\/uploads\/2022\/05\/2-3.png 1920w\" sizes=\"auto, (max-width: 1024px) 100vw, 1024px\" \/><\/figure>\n<\/div>\n\n\n\n<div class=\"wp-block-column is-layout-flow wp-block-column-is-layout-flow\">\n<figure class=\"wp-block-image size-large\"><img loading=\"lazy\" decoding=\"async\" width=\"1024\" height=\"576\" src=\"https:\/\/geologos.us.edu.pl\/wp-content\/uploads\/2022\/05\/3-1-1024x576.png\" alt=\"\" class=\"wp-image-262\" srcset=\"https:\/\/geologos.us.edu.pl\/wp-content\/uploads\/2022\/05\/3-1-1024x576.png 1024w, https:\/\/geologos.us.edu.pl\/wp-content\/uploads\/2022\/05\/3-1-300x169.png 300w, https:\/\/geologos.us.edu.pl\/wp-content\/uploads\/2022\/05\/3-1-768x432.png 768w, https:\/\/geologos.us.edu.pl\/wp-content\/uploads\/2022\/05\/3-1-1536x864.png 1536w, https:\/\/geologos.us.edu.pl\/wp-content\/uploads\/2022\/05\/3-1.png 1920w\" sizes=\"auto, (max-width: 1024px) 100vw, 1024px\" \/><\/figure>\n<\/div>\n\n\n\n<div class=\"wp-block-column is-layout-flow wp-block-column-is-layout-flow\">\n<figure class=\"wp-block-image size-large\"><img loading=\"lazy\" decoding=\"async\" width=\"1024\" height=\"576\" src=\"https:\/\/geologos.us.edu.pl\/wp-content\/uploads\/2022\/05\/4-1-1024x576.png\" alt=\"\" class=\"wp-image-263\" srcset=\"https:\/\/geologos.us.edu.pl\/wp-content\/uploads\/2022\/05\/4-1-1024x576.png 1024w, https:\/\/geologos.us.edu.pl\/wp-content\/uploads\/2022\/05\/4-1-300x169.png 300w, https:\/\/geologos.us.edu.pl\/wp-content\/uploads\/2022\/05\/4-1-768x432.png 768w, https:\/\/geologos.us.edu.pl\/wp-content\/uploads\/2022\/05\/4-1-1536x864.png 1536w, https:\/\/geologos.us.edu.pl\/wp-content\/uploads\/2022\/05\/4-1.png 1920w\" sizes=\"auto, (max-width: 1024px) 100vw, 1024px\" \/><\/figure>\n<\/div>\n<\/div>\n\n\n\n<div class=\"wp-block-columns is-layout-flex wp-container-core-columns-layout-2 wp-block-columns-is-layout-flex\">\n<div class=\"wp-block-column is-layout-flow wp-block-column-is-layout-flow\">\n<figure class=\"wp-block-image size-large\"><img loading=\"lazy\" decoding=\"async\" width=\"1024\" height=\"576\" src=\"https:\/\/geologos.us.edu.pl\/wp-content\/uploads\/2022\/05\/1-kopia-1024x576.png\" alt=\"\" class=\"wp-image-264\" srcset=\"https:\/\/geologos.us.edu.pl\/wp-content\/uploads\/2022\/05\/1-kopia-1024x576.png 1024w, https:\/\/geologos.us.edu.pl\/wp-content\/uploads\/2022\/05\/1-kopia-300x169.png 300w, https:\/\/geologos.us.edu.pl\/wp-content\/uploads\/2022\/05\/1-kopia-768x432.png 768w, https:\/\/geologos.us.edu.pl\/wp-content\/uploads\/2022\/05\/1-kopia.png 1280w\" sizes=\"auto, (max-width: 1024px) 100vw, 1024px\" \/><\/figure>\n<\/div>\n\n\n\n<div class=\"wp-block-column is-layout-flow wp-block-column-is-layout-flow\">\n<figure class=\"wp-block-image size-large\"><img loading=\"lazy\" decoding=\"async\" width=\"1024\" height=\"576\" src=\"https:\/\/geologos.us.edu.pl\/wp-content\/uploads\/2022\/05\/1-1-1024x576.png\" alt=\"\" class=\"wp-image-265\" srcset=\"https:\/\/geologos.us.edu.pl\/wp-content\/uploads\/2022\/05\/1-1-1024x576.png 1024w, https:\/\/geologos.us.edu.pl\/wp-content\/uploads\/2022\/05\/1-1-300x169.png 300w, https:\/\/geologos.us.edu.pl\/wp-content\/uploads\/2022\/05\/1-1-768x432.png 768w, https:\/\/geologos.us.edu.pl\/wp-content\/uploads\/2022\/05\/1-1.png 1280w\" sizes=\"auto, (max-width: 1024px) 100vw, 1024px\" \/><\/figure>\n<\/div>\n\n\n\n<div class=\"wp-block-column is-layout-flow wp-block-column-is-layout-flow\">\n<figure class=\"wp-block-image size-large\"><img loading=\"lazy\" decoding=\"async\" width=\"1024\" height=\"576\" src=\"https:\/\/geologos.us.edu.pl\/wp-content\/uploads\/2022\/05\/2-kopia-1024x576.png\" alt=\"\" class=\"wp-image-266\" srcset=\"https:\/\/geologos.us.edu.pl\/wp-content\/uploads\/2022\/05\/2-kopia-1024x576.png 1024w, https:\/\/geologos.us.edu.pl\/wp-content\/uploads\/2022\/05\/2-kopia-300x169.png 300w, https:\/\/geologos.us.edu.pl\/wp-content\/uploads\/2022\/05\/2-kopia-768x432.png 768w, https:\/\/geologos.us.edu.pl\/wp-content\/uploads\/2022\/05\/2-kopia.png 1280w\" sizes=\"auto, (max-width: 1024px) 100vw, 1024px\" \/><\/figure>\n<\/div>\n<\/div>\n\n\n\n<div class=\"wp-block-columns is-layout-flex wp-container-core-columns-layout-3 wp-block-columns-is-layout-flex\">\n<div class=\"wp-block-column is-layout-flow wp-block-column-is-layout-flow\">\n<figure class=\"wp-block-image size-large\"><img loading=\"lazy\" decoding=\"async\" width=\"1024\" height=\"576\" src=\"https:\/\/geologos.us.edu.pl\/wp-content\/uploads\/2022\/05\/2-4-1024x576.png\" alt=\"\" class=\"wp-image-267\" srcset=\"https:\/\/geologos.us.edu.pl\/wp-content\/uploads\/2022\/05\/2-4-1024x576.png 1024w, https:\/\/geologos.us.edu.pl\/wp-content\/uploads\/2022\/05\/2-4-300x169.png 300w, https:\/\/geologos.us.edu.pl\/wp-content\/uploads\/2022\/05\/2-4-768x432.png 768w, https:\/\/geologos.us.edu.pl\/wp-content\/uploads\/2022\/05\/2-4.png 1280w\" sizes=\"auto, (max-width: 1024px) 100vw, 1024px\" \/><\/figure>\n<\/div>\n\n\n\n<div class=\"wp-block-column is-layout-flow wp-block-column-is-layout-flow\">\n<figure class=\"wp-block-image size-large\"><img loading=\"lazy\" decoding=\"async\" width=\"1024\" height=\"576\" src=\"https:\/\/geologos.us.edu.pl\/wp-content\/uploads\/2022\/05\/3-kopia-1024x576.png\" alt=\"\" class=\"wp-image-268\" srcset=\"https:\/\/geologos.us.edu.pl\/wp-content\/uploads\/2022\/05\/3-kopia-1024x576.png 1024w, https:\/\/geologos.us.edu.pl\/wp-content\/uploads\/2022\/05\/3-kopia-300x169.png 300w, https:\/\/geologos.us.edu.pl\/wp-content\/uploads\/2022\/05\/3-kopia-768x432.png 768w, https:\/\/geologos.us.edu.pl\/wp-content\/uploads\/2022\/05\/3-kopia.png 1280w\" sizes=\"auto, (max-width: 1024px) 100vw, 1024px\" \/><\/figure>\n<\/div>\n\n\n\n<div class=\"wp-block-column is-layout-flow wp-block-column-is-layout-flow\">\n<figure class=\"wp-block-image size-large\"><img loading=\"lazy\" decoding=\"async\" width=\"1024\" height=\"576\" src=\"https:\/\/geologos.us.edu.pl\/wp-content\/uploads\/2022\/05\/3-2-1024x576.png\" alt=\"\" class=\"wp-image-269\" srcset=\"https:\/\/geologos.us.edu.pl\/wp-content\/uploads\/2022\/05\/3-2-1024x576.png 1024w, https:\/\/geologos.us.edu.pl\/wp-content\/uploads\/2022\/05\/3-2-300x169.png 300w, https:\/\/geologos.us.edu.pl\/wp-content\/uploads\/2022\/05\/3-2-768x432.png 768w, https:\/\/geologos.us.edu.pl\/wp-content\/uploads\/2022\/05\/3-2.png 1280w\" sizes=\"auto, (max-width: 1024px) 100vw, 1024px\" \/><\/figure>\n<\/div>\n<\/div>\n","protected":false},"excerpt":{"rendered":"<p>Szanowni Pa\u0144stwo, Uczestnicy konferencji GEOlogos, serdecznie zapraszamy do publikacji pokonferencyjnej w czasopi\u015bmie \u201ePostscriptum Polonistyczne\u201d (MEiN 70 pkt). Termin nadsy\u0142ania tekst\u00f3w up\u0142ywa 14 grudnia 2022 roku. Numer uka\u017ce si\u0119 w pierwszej po\u0142owie 2023 roku. Do 15 wrze\u015bnia 2022 roku prosimy o informacj\u0119 zwrotn\u0105, czy decyduj\u0105 si\u0119 Pa\u0144stwo na napisanie artyku\u0142u w ramach redagowanego przez nas GEO &#8230; <a title=\"Pozosta\u0142e informacje\" class=\"read-more\" href=\"https:\/\/geologos.us.edu.pl\/index.php\/pozostale-informacje\/\" aria-label=\"Wi\u0119cej na Pozosta\u0142e informacje\">Dowiedz si\u0119 wi\u0119cej<\/a> <\/p>\n<p class=\"read-more-button-container\"><a class=\"button\" href=\"https:\/\/geologos.us.edu.pl\/index.php\/pozostale-informacje\/\">Dowiedz si\u0119 wi\u0119cej<\/a><\/p>\n","protected":false},"author":2,"featured_media":0,"parent":0,"menu_order":0,"comment_status":"closed","ping_status":"closed","template":"","meta":{"footnotes":""},"class_list":["post-36","page","type-page","status-publish"],"_links":{"self":[{"href":"https:\/\/geologos.us.edu.pl\/index.php\/wp-json\/wp\/v2\/pages\/36","targetHints":{"allow":["GET"]}}],"collection":[{"href":"https:\/\/geologos.us.edu.pl\/index.php\/wp-json\/wp\/v2\/pages"}],"about":[{"href":"https:\/\/geologos.us.edu.pl\/index.php\/wp-json\/wp\/v2\/types\/page"}],"author":[{"embeddable":true,"href":"https:\/\/geologos.us.edu.pl\/index.php\/wp-json\/wp\/v2\/users\/2"}],"replies":[{"embeddable":true,"href":"https:\/\/geologos.us.edu.pl\/index.php\/wp-json\/wp\/v2\/comments?post=36"}],"version-history":[{"count":7,"href":"https:\/\/geologos.us.edu.pl\/index.php\/wp-json\/wp\/v2\/pages\/36\/revisions"}],"predecessor-version":[{"id":325,"href":"https:\/\/geologos.us.edu.pl\/index.php\/wp-json\/wp\/v2\/pages\/36\/revisions\/325"}],"wp:attachment":[{"href":"https:\/\/geologos.us.edu.pl\/index.php\/wp-json\/wp\/v2\/media?parent=36"}],"curies":[{"name":"wp","href":"https:\/\/api.w.org\/{rel}","templated":true}]}}