{"id":82,"date":"2022-05-12T10:18:12","date_gmt":"2022-05-12T10:18:12","guid":{"rendered":"https:\/\/geologos.us.edu.pl\/?page_id=82"},"modified":"2022-05-13T12:32:09","modified_gmt":"2022-05-13T12:32:09","slug":"dzien-1","status":"publish","type":"page","link":"https:\/\/geologos.us.edu.pl\/index.php\/dzien-1\/","title":{"rendered":"Dzie\u0144 1"},"content":{"rendered":"\n<p><strong>Mi\u0119dzynarodowy panel ekspercki. Jak uprawia\u0107 glottodydaktyk\u0119 w czasach kryzysu klimatycznego?<\/strong><br><strong>1.06. 2022<\/strong><br><strong>Godz. 16:00 &#8211; 18:00<\/strong><\/p>\n\n\n\n<p><strong>Otwarcie prof. dr hab. Bernadeta Niesporek-Szamburska, Dyrektorka Interdyscyplinarnego Centrum Bada\u0144 nad Edukacj\u0105 Humanistyczn\u0105 U\u015a<br>prof. dr hab. Jolanta Tambor, Dyrektorka Szko\u0142y J\u0119zyka i Kultury Polskiej U\u015a\u00a0<br>prof. dr hab. Wies\u0142aw Bany\u015b, Przewodnicz\u0105cy Zespo\u0142u Bolo\u0144skiego KRASP<\/strong><\/p>\n\n\n\n<p>1.\u00a0prof. dr Aleksandra Piasecka-Till &#8211; Federalny Uniwersytet Stanu Paran\u00e1 (Brazylia)<br>2.\u00a0dr Magdalena Slyk &#8211; Uniwersytet w Uppsali (Szwecja)<br>3.\u00a0dr Ji\u0159\u00ed Muryc &#8211; Uniwersytet Ostrawski (Republika Czeska)<br>4.\u00a0mgr Mao Rui &#8211; Szanghajski Uniwersytet Studi\u00f3w Mi\u0119dzynarodowych (Chiny)\u00a0<br>5. mgr Sonia Niewiadomski &#8211; Federalny Uniwersytet Stanu Paran\u00e1 (Brazylia)<br>6. mgr Katarzyna Szczotka &#8211; Uniwersytet \u015al\u0105ski w Katowicach (Polska)<\/p>\n\n\n\n<p>Prowadzenie: dr Agnieszka Tambor &#8211; Uniwersytet \u015al\u0105ski w Katowicach (Polska)<\/p>\n\n\n\n<p>J\u0119zyk panelu \u2013 &nbsp;polski<\/p>\n","protected":false},"excerpt":{"rendered":"<p>Mi\u0119dzynarodowy panel ekspercki. Jak uprawia\u0107 glottodydaktyk\u0119 w czasach kryzysu klimatycznego?1.06. 2022Godz. 16:00 &#8211; 18:00 Otwarcie prof. dr hab. Bernadeta Niesporek-Szamburska, Dyrektorka Interdyscyplinarnego Centrum Bada\u0144 nad Edukacj\u0105 Humanistyczn\u0105 U\u015aprof. dr hab. Jolanta Tambor, Dyrektorka Szko\u0142y J\u0119zyka i Kultury Polskiej U\u015a\u00a0prof. dr hab. Wies\u0142aw Bany\u015b, Przewodnicz\u0105cy Zespo\u0142u Bolo\u0144skiego KRASP 1.\u00a0prof. dr Aleksandra Piasecka-Till &#8211; Federalny Uniwersytet Stanu &#8230; <a title=\"Dzie\u0144 1\" class=\"read-more\" href=\"https:\/\/geologos.us.edu.pl\/index.php\/dzien-1\/\" aria-label=\"Wi\u0119cej na Dzie\u0144 1\">Dowiedz si\u0119 wi\u0119cej<\/a> <\/p>\n<p class=\"read-more-button-container\"><a class=\"button\" href=\"https:\/\/geologos.us.edu.pl\/index.php\/dzien-1\/\">Dowiedz si\u0119 wi\u0119cej<\/a><\/p>\n","protected":false},"author":1,"featured_media":0,"parent":0,"menu_order":0,"comment_status":"closed","ping_status":"closed","template":"","meta":{"footnotes":""},"class_list":["post-82","page","type-page","status-publish"],"_links":{"self":[{"href":"https:\/\/geologos.us.edu.pl\/index.php\/wp-json\/wp\/v2\/pages\/82","targetHints":{"allow":["GET"]}}],"collection":[{"href":"https:\/\/geologos.us.edu.pl\/index.php\/wp-json\/wp\/v2\/pages"}],"about":[{"href":"https:\/\/geologos.us.edu.pl\/index.php\/wp-json\/wp\/v2\/types\/page"}],"author":[{"embeddable":true,"href":"https:\/\/geologos.us.edu.pl\/index.php\/wp-json\/wp\/v2\/users\/1"}],"replies":[{"embeddable":true,"href":"https:\/\/geologos.us.edu.pl\/index.php\/wp-json\/wp\/v2\/comments?post=82"}],"version-history":[{"count":5,"href":"https:\/\/geologos.us.edu.pl\/index.php\/wp-json\/wp\/v2\/pages\/82\/revisions"}],"predecessor-version":[{"id":191,"href":"https:\/\/geologos.us.edu.pl\/index.php\/wp-json\/wp\/v2\/pages\/82\/revisions\/191"}],"wp:attachment":[{"href":"https:\/\/geologos.us.edu.pl\/index.php\/wp-json\/wp\/v2\/media?parent=82"}],"curies":[{"name":"wp","href":"https:\/\/api.w.org\/{rel}","templated":true}]}}